{"id":5211,"date":"2019-02-08T11:06:06","date_gmt":"2019-02-08T11:06:06","guid":{"rendered":"https:\/\/www.palmerlegal.es\/proteccion-de-datos\/?lang=de"},"modified":"2019-05-09T11:19:44","modified_gmt":"2019-05-09T11:19:44","slug":"datenschutz","status":"publish","type":"page","link":"https:\/\/www.palmerlegal.es\/de\/datenschutz\/","title":{"rendered":"Datenschutz"},"content":{"rendered":"<h3 style=\"text-align: center;\" data-canvas-width=\"565.7439999999998\">\u00a0&#8211; Schutz personenbezogener Daten &#8211;<\/h3>\n<div style=\"text-align: center;\" data-canvas-width=\"565.7439999999998\">\n<p>\u201c<span lang=\"de-DE\">In \u00dcbereinstimmung mit den geltenden Datenschutzbestimmungen m\u00f6chten wir Ihnen mitteilen, dass Ihre Daten in ein Datenverarbeitungssystem aufgenommen werden, dessen Eigent\u00fcmer LUIS PALMER LIBIS ist, mit der Steuernummer (CIF) 43142319T und mit der Gesch\u00e4ftsadresse in SANT MIQUEL 68A 7 07002, PALMA DE MALLORCA (ILLES BALEARS), um Ihre Anfragen beantworten und Ihnen damit in Verbindung stehende Informationen, die f\u00fcr Sie von Interesse sein k\u00f6nnen, schicken zu k\u00f6nnen. In Einhaltung der geltenden gesetzlichen Vorschriften informiert Sie LUIS PALMER LIBIS, dass diese Daten so lange wie unbedingt erforderlich aufbewahrt werden, um die zuvor genannten Zwecke erf\u00fcllen zu k\u00f6nnen. <\/span><\/p>\n<p><span lang=\"de-DE\">Solange Sie uns nichts Gegenteiliges mitteilen, gehen wir davon aus, dass sich Ihre Daten nicht ge\u00e4ndert haben, dass Sie uns jegliche \u00c4nderung mitteilen werden und dass Sie damit einverstanden sind, dass wir die Daten zu den genannten Zwecken verwenden.<\/span><\/p>\n<p><span lang=\"de-DE\">LUIS PALMER LIBIS wird die genannten Daten auf rechtm\u00e4\u00dfige, redliche, transparente, angemessene, relevante, begrenzte, genaue und aktuelle Weise verarbeiten. In diesem Sinne verpflichtet sich LUIS PALMER LIBIS, alle angemessenen Ma\u00dfnahmen zu treffen, damit die Daten unverz\u00fcglich gel\u00f6scht oder berichtigt werden, falls diese nicht zutreffend sind.<\/span><\/p>\n<p><span lang=\"de-DE\">In \u00dcbereinstimmung mit den Rechten, die Ihnen gem\u00e4\u00df dem geltenden Datenschutzgesetz zustehen, k\u00f6nnen Sie Ihre Rechte auf Zugriff, Berichtigung, Einschr\u00e4nkung der Verarbeitung, L\u00f6schung, \u00dcbertragbarkeit und Widerspruch gegen die Verarbeitung Ihrer personanbezogenen Daten sowie Ihrer Zustimmung zur Verarbeitung derselben aus\u00fcben, indem Sie ein Schreiben an die oben genannte Adresse richten oder an die E-Mail-Adresse: LPALMER@PALMERLEGAL.ES.<\/span><\/p>\n<p><span lang=\"de-DE\">Ferner teilen wir Ihnen mit, dass Sie sich auch mit dem Datenschutzbeauftragen von LUIS PALMER LIBIS in Verbindung setzen k\u00f6nnen, und zwar per E-Mail an: <a href=\"mailto:dpo.cliente@conversia.es\">dpo.cliente@conversia.es<\/a> oder telefonisch an die Nummer 902877192.<\/span><\/p>\n<p><span lang=\"de-DE\">Beschwerden, die Sie f\u00fcr angebracht halten, k\u00f6nnen an die zust\u00e4ndige Kontrollbeh\u00f6rde gerichtet werden. Mit Zusendung des Formulars zur Datenerfassung akzeptieren Sie die Datenschutzpolitik von LUIS PALMER LIBIS.<\/span><\/p>\n<\/div>\n","protected":false},"excerpt":{"rendered":"<p>\u00a0&#8211; Schutz personenbezogener Daten &#8211; \u201cIn \u00dcbereinstimmung mit den geltenden Datenschutzbestimmungen m\u00f6chten wir Ihnen mitteilen, dass Ihre Daten in ein Datenverarbeitungssystem aufgenommen werden, dessen Eigent\u00fcmer LUIS PALMER LIBIS ist, mit der Steuernummer (CIF) 43142319T und mit der Gesch\u00e4ftsadresse in SANT MIQUEL 68A 7 07002, PALMA DE MALLORCA (ILLES BALEARS), um Ihre Anfragen beantworten und Ihnen&#8230; <\/p>\n<div class=\"clear\"><\/div>\n<p><a href=\"https:\/\/www.palmerlegal.es\/de\/datenschutz\/\" class=\"excerpt-read-more\">Read More<\/a><\/p>\n","protected":false},"author":1,"featured_media":0,"parent":0,"menu_order":0,"comment_status":"closed","ping_status":"closed","template":"","meta":{"footnotes":""},"_links":{"self":[{"href":"https:\/\/www.palmerlegal.es\/de\/wp-json\/wp\/v2\/pages\/5211"}],"collection":[{"href":"https:\/\/www.palmerlegal.es\/de\/wp-json\/wp\/v2\/pages"}],"about":[{"href":"https:\/\/www.palmerlegal.es\/de\/wp-json\/wp\/v2\/types\/page"}],"author":[{"embeddable":true,"href":"https:\/\/www.palmerlegal.es\/de\/wp-json\/wp\/v2\/users\/1"}],"replies":[{"embeddable":true,"href":"https:\/\/www.palmerlegal.es\/de\/wp-json\/wp\/v2\/comments?post=5211"}],"version-history":[{"count":3,"href":"https:\/\/www.palmerlegal.es\/de\/wp-json\/wp\/v2\/pages\/5211\/revisions"}],"predecessor-version":[{"id":5257,"href":"https:\/\/www.palmerlegal.es\/de\/wp-json\/wp\/v2\/pages\/5211\/revisions\/5257"}],"wp:attachment":[{"href":"https:\/\/www.palmerlegal.es\/de\/wp-json\/wp\/v2\/media?parent=5211"}],"curies":[{"name":"wp","href":"https:\/\/api.w.org\/{rel}","templated":true}]}}