{"id":5803,"date":"2024-05-21T07:21:56","date_gmt":"2024-05-21T07:21:56","guid":{"rendered":"https:\/\/www.palmerlegal.es\/?page_id=5803"},"modified":"2024-05-21T07:24:25","modified_gmt":"2024-05-21T07:24:25","slug":"cookies-politik","status":"publish","type":"page","link":"https:\/\/www.palmerlegal.es\/de\/cookies-politik\/","title":{"rendered":"COOKIES-POLITIK"},"content":{"rendered":"<div class=\"vce-row-container\" data-vce-boxed-width=\"true\"><div class=\"vce-row vce-row--col-gap-30 vce-row-equal-height vce-row-content--top\" id=\"el-be8ef636\" data-vce-do-apply=\"all el-be8ef636\"><div class=\"vce-row-content\" data-vce-element-content=\"true\"><div class=\"vce-col vce-col--md-auto vce-col--xs-1 vce-col--xs-last vce-col--xs-first vce-col--sm-last vce-col--sm-first vce-col--md-last vce-col--lg-last vce-col--xl-last vce-col--md-first vce-col--lg-first vce-col--xl-first\" id=\"el-55e7a71d\"><div class=\"vce-col-inner\" data-vce-do-apply=\"border margin background  el-55e7a71d\"><div class=\"vce-col-content\" data-vce-element-content=\"true\" data-vce-do-apply=\"padding el-55e7a71d\"><div class=\"vce-text-block\"><div class=\"vce-text-block-wrapper vce\" id=\"el-b26eff57\" data-vce-do-apply=\"all el-b26eff57\"><h2><b>COOKIES-POLITIK<\/b><\/h2><p><span style=\"font-weight: 400;\">Gem\u00e4\u00df den Bestimmungen des Artikels 22.2 des Gesetzes 34\/2002 vom 11. Juli \u00fcber die Dienste der Informationsgesellschaft und den elektronischen Handel (LSSI-CE) ist <\/span><b>LUIS PALMER LIBIS verpflichtet, <\/b><span style=\"font-weight: 400;\">\u00fcber die von ihr verwendeten Cookies und deren Zweck zu informieren.<\/span><\/p><p><span style=\"font-weight: 400;\">Diese Website verwendet Cookies und\/oder \u00e4hnliche Technologien, die Informationen speichern und abrufen, wenn Sie surfen. Cookies erm\u00f6glichen es einer Website unter anderem, Informationen \u00fcber die Surfgewohnheiten eines Nutzers oder seines Ger\u00e4ts zu speichern und abzurufen, und je nach den darin enthaltenen Informationen und der Art und Weise, wie er sein Ger\u00e4t benutzt, k\u00f6nnen sie zur Wiedererkennung des Nutzers verwendet werden.<\/span><\/p><p><span style=\"font-weight: 400;\">Cookies sind f\u00fcr das Funktionieren des Internets unerl\u00e4sslich und bieten zahlreiche Vorteile bei der Bereitstellung interaktiver Dienste, die dem Nutzer das Surfen und die Nutzung unserer Website erleichtern.&nbsp;<\/span><\/p><p><span style=\"font-weight: 400;\">Die folgenden Informationen sollen Ihnen helfen, die verschiedenen Arten von Cookies zu verstehen:<\/span><\/p><p><b>ARTEN VON COOKIES<\/b><\/p><p><b>JE NACH DER EINRICHTUNG, DIE SIE VERWALTET<\/b><\/p><ol><li style=\"font-weight: 400;\" aria-level=\"1\"><b>EIGENE COOKIES: Es <\/b><span style=\"font-weight: 400;\">handelt sich um solche, die von einem Computer oder einer Dom\u00e4ne, die vom Herausgeber selbst verwaltet wird und von der aus der vom Benutzer angeforderte Dienst erbracht wird, an das Endger\u00e4t des Benutzers gesendet werden.<\/span><\/li><li style=\"font-weight: 400;\" aria-level=\"1\"><b>COOKIES VON DRITTEN: Es <\/b><span style=\"font-weight: 400;\">handelt sich um solche, die von einem Computer oder einer Dom\u00e4ne, die nicht vom Herausgeber, sondern von einer anderen Einheit, die die durch die Cookies erhaltenen Daten verarbeitet, an das Endger\u00e4t des Benutzers gesendet werden.<\/span><\/li><\/ol><p><b>JE NACH DER DAUER IHRER AKTIVIERUNG<\/b><\/p><ol><li style=\"font-weight: 400;\" aria-level=\"1\"><b>SESSION COOKIES: <\/b><span style=\"font-weight: 400;\">Diese dienen dazu, Daten zu sammeln und zu speichern, w\u00e4hrend der Nutzer auf eine Website zugreift. Sie werden in der Regel verwendet, um Informationen zu speichern, die nur f\u00fcr die Bereitstellung des vom Nutzer angeforderten Dienstes bei einer einzigen Gelegenheit aufbewahrt werden m\u00fcssen (z. B. eine Liste der gekauften Produkte) und am Ende der Sitzung verschwinden.<\/span><\/li><li style=\"font-weight: 400;\" aria-level=\"1\"><b>PERSISTENDE COOKIES: <\/b><span style=\"font-weight: 400;\">Hierbei handelt es sich um solche, bei denen die Daten weiterhin auf dem Endger\u00e4t gespeichert werden und f\u00fcr einen von der f\u00fcr das Cookie verantwortlichen Partei festgelegten Zeitraum, der von einigen Minuten bis zu mehreren Jahren reichen kann, abgerufen und verarbeitet werden k\u00f6nnen.<\/span><\/li><\/ol><p><b>ENTSPRECHEND IHREM ZWECK<\/b><\/p><ol><li style=\"font-weight: 400;\" aria-level=\"1\"><b>TECHNISCHE COOKIES: <\/b><span style=\"font-weight: 400;\">Diese erm\u00f6glichen es dem Nutzer, auf einer Website, einer Plattform oder einer Anwendung zu surfen und die verschiedenen Optionen oder Dienste zu nutzen, die dort angeboten werden.<\/span><\/li><li style=\"font-weight: 400;\" aria-level=\"1\"><b>CUSTOM COOKIES: Diese <\/b><span style=\"font-weight: 400;\">erm\u00f6glichen die Anwendung spezifischer Merkmale f\u00fcr das Surfen des Benutzers auf der Website (z.B. Sprache).<\/span><\/li><li style=\"font-weight: 400;\" aria-level=\"1\"><b>ANALYSE-COOKIES: <\/b><span style=\"font-weight: 400;\">Diese Cookies erm\u00f6glichen es dem Verantwortlichen, das Verhalten der Nutzer der Websites, mit denen sie verkn\u00fcpft sind, zu \u00fcberwachen und zu analysieren, einschlie\u00dflich der Quantifizierung der Wirkung von Werbung. Die durch diese Art von Cookies gesammelten Informationen werden verwendet, um die Aktivit\u00e4t der Websites, Anwendungen oder Plattformen zu messen, um Verbesserungen auf der Grundlage der Analyse der Nutzungsdaten der Nutzer des Dienstes einzuf\u00fchren.<\/span><\/li><li style=\"font-weight: 400;\" aria-level=\"1\"><b>ADVERTISING COOKIES: Diese <\/b><span style=\"font-weight: 400;\">erm\u00f6glichen es dem Herausgeber, je nach Inhalt der Website selbst, Werbefl\u00e4chen auf der Website einzubinden.<\/span><\/li><li style=\"font-weight: 400;\" aria-level=\"1\"><b>BEHAVIOUR-BASED ADVERTISING COOKIES: <\/b><span style=\"font-weight: 400;\">Es handelt sich um Cookies, die Informationen \u00fcber das Verhalten der Nutzer speichern, die durch die kontinuierliche Beobachtung ihrer Surfgewohnheiten gewonnen werden und die es erm\u00f6glichen, ein spezifisches Profil zu erstellen, um darauf basierende Werbung anzuzeigen.<\/span><\/li><\/ol><\/div><\/div><\/div><\/div><\/div><\/div><\/div><\/div>\n","protected":false},"excerpt":{"rendered":"<p>COOKIES-POLITIKGem\u00e4\u00df den Bestimmungen des Artikels 22.2 des Gesetzes 34\/2002 vom 11. Juli \u00fcber die Dienste der Informationsgesellschaft und den elektronischen Handel (LSSI-CE) ist LUIS PALMER LIBIS verpflichtet, \u00fcber die von ihr verwendeten Cookies und deren Zweck zu informieren.Diese Website verwendet Cookies und\/oder \u00e4hnliche Technologien, die Informationen speichern und abrufen, wenn Sie surfen. Cookies erm\u00f6glichen es&#8230; <\/p>\n<div class=\"clear\"><\/div>\n<p><a href=\"https:\/\/www.palmerlegal.es\/de\/cookies-politik\/\" class=\"excerpt-read-more\">Read More<\/a><\/p>\n","protected":false},"author":1,"featured_media":0,"parent":0,"menu_order":0,"comment_status":"closed","ping_status":"closed","template":"","meta":{"footnotes":""},"_links":{"self":[{"href":"https:\/\/www.palmerlegal.es\/de\/wp-json\/wp\/v2\/pages\/5803"}],"collection":[{"href":"https:\/\/www.palmerlegal.es\/de\/wp-json\/wp\/v2\/pages"}],"about":[{"href":"https:\/\/www.palmerlegal.es\/de\/wp-json\/wp\/v2\/types\/page"}],"author":[{"embeddable":true,"href":"https:\/\/www.palmerlegal.es\/de\/wp-json\/wp\/v2\/users\/1"}],"replies":[{"embeddable":true,"href":"https:\/\/www.palmerlegal.es\/de\/wp-json\/wp\/v2\/comments?post=5803"}],"version-history":[{"count":2,"href":"https:\/\/www.palmerlegal.es\/de\/wp-json\/wp\/v2\/pages\/5803\/revisions"}],"predecessor-version":[{"id":5805,"href":"https:\/\/www.palmerlegal.es\/de\/wp-json\/wp\/v2\/pages\/5803\/revisions\/5805"}],"wp:attachment":[{"href":"https:\/\/www.palmerlegal.es\/de\/wp-json\/wp\/v2\/media?parent=5803"}],"curies":[{"name":"wp","href":"https:\/\/api.w.org\/{rel}","templated":true}]}}