{"id":5806,"date":"2024-05-21T07:25:26","date_gmt":"2024-05-21T07:25:26","guid":{"rendered":"https:\/\/www.palmerlegal.es\/?page_id=5806"},"modified":"2024-05-21T07:26:22","modified_gmt":"2024-05-21T07:26:22","slug":"rechtlicher-hinweis","status":"publish","type":"page","link":"https:\/\/www.palmerlegal.es\/de\/rechtlicher-hinweis\/","title":{"rendered":"Rechtlicher Hinweis"},"content":{"rendered":"<div class=\"vce-row-container\" data-vce-boxed-width=\"true\"><div class=\"vce-row vce-row--col-gap-30 vce-row-equal-height vce-row-content--top\" id=\"el-ea18da46\" data-vce-do-apply=\"all el-ea18da46\"><div class=\"vce-row-content\" data-vce-element-content=\"true\"><div class=\"vce-col vce-col--md-auto vce-col--xs-1 vce-col--xs-last vce-col--xs-first vce-col--sm-last vce-col--sm-first vce-col--md-last vce-col--lg-last vce-col--xl-last vce-col--md-first vce-col--lg-first vce-col--xl-first\" id=\"el-1f3ec861\"><div class=\"vce-col-inner\" data-vce-do-apply=\"border margin background  el-1f3ec861\"><div class=\"vce-col-content\" data-vce-element-content=\"true\" data-vce-do-apply=\"padding el-1f3ec861\"><div class=\"vce-text-block\"><div class=\"vce-text-block-wrapper vce\" id=\"el-f5e79c2d\" data-vce-do-apply=\"all el-f5e79c2d\"><h2><b>Rechtlicher Hinweis<\/b><\/h2><p><span style=\"font-weight: 400;\">Einf\u00fchrung<\/span><\/p><p><span style=\"font-weight: 400;\">In \u00dcbereinstimmung mit dem Gesetz 34\/2002 vom 11. Juli \u00fcber die Dienstleistungen der Informationsgesellschaft und den elektronischen Handel (LSSI-CE) informiert LUIS PALMER LIBIS, dass es der Eigent\u00fcmer der Website ist. In \u00dcbereinstimmung mit den Anforderungen des Artikels 10 des oben genannten Gesetzes informiert LUIS PALMER LIBIS \u00fcber die folgenden Daten:<\/span><\/p><ol><li style=\"font-weight: 400;\" aria-level=\"1\"><span style=\"font-weight: 400;\">Name des Unternehmens: LUIS PALMER LIBIS<\/span><\/li><li style=\"font-weight: 400;\" aria-level=\"1\"><span style=\"font-weight: 400;\">Steuerliche Identifikationsnummer (NIF): 43142319T<\/span><\/li><li style=\"font-weight: 400;\" aria-level=\"1\"><span style=\"font-weight: 400;\">Bereich: <\/span><a href=\"https:\/\/www.palmerlegal.es\/\"><span style=\"font-weight: 400;\">https:\/\/www.palmerlegal.es\/<\/span><\/a><\/li><li style=\"font-weight: 400;\" aria-level=\"1\"><span style=\"font-weight: 400;\">Postanschrift: SANT MIQUEL 68A 7,07002 PALMA DE MALLORCA(ILLES BALEARS)<\/span><\/li><li style=\"font-weight: 400;\" aria-level=\"1\"><span style=\"font-weight: 400;\">E-Mail-Adresse: lpalmer@palmerlegal.es<\/span><\/li><li style=\"font-weight: 400;\" aria-level=\"1\"><span style=\"font-weight: 400;\">Telefonnummern: 971727719<\/span><\/li><\/ol><p><b>Nutzer- und Haftungsregelung<\/b><\/p><p><span style=\"font-weight: 400;\">Das Browsen, der Zugang und die Nutzung der Website von LUIS PALMER LIBIS setzt die Eigenschaft des Benutzers voraus.<\/span><\/p><p><span style=\"font-weight: 400;\">Die Website von LUIS PALMER LIBIS bietet eine breite Palette von Informationen, Dienstleistungen und Daten. Der Nutzer \u00fcbernimmt die Verantwortung f\u00fcr die korrekte Nutzung der Website. Diese Verantwortung erstreckt sich auf:<\/span><\/p><ol><li style=\"font-weight: 400;\" aria-level=\"1\"><span style=\"font-weight: 400;\">Die Wahrhaftigkeit und Rechtm\u00e4\u00dfigkeit der Angaben, die der Nutzer in den von LUIS PALMER LIBIS bereitgestellten Formularen f\u00fcr den Zugang zu bestimmten auf der Website angebotenen Inhalten oder Dienstleistungen macht.<\/span><\/li><li style=\"font-weight: 400;\" aria-level=\"1\"><span style=\"font-weight: 400;\">Die Nutzung der von LUIS PALMER LIBIS angebotenen Informationen, Dienstleistungen und Daten, die gegen die Bestimmungen der vorliegenden Bedingungen, das Gesetz, die Moral, die guten Sitten oder die \u00f6ffentliche Ordnung verst\u00f6\u00dft oder in sonstiger Weise die Rechte Dritter oder den Betrieb der Website verletzen kann.<\/span><\/li><\/ol><p><b>Verlinkungspolitik und Haftungsausschl\u00fcsse<\/b><\/p><p><span style=\"font-weight: 400;\">LUIS PALMER LIBIS haftet nicht f\u00fcr den Inhalt der Websites, auf die der Nutzer \u00fcber die auf seiner Website eingerichteten Links zugreifen kann, sofern er keine tats\u00e4chliche Kenntnis davon hat, dass die T\u00e4tigkeit oder Information, auf die er verweist oder die er empfiehlt, rechtswidrig ist oder das Eigentum oder die Rechte eines schadensersatzpflichtigen Dritten verletzt, oder, falls dies der Fall sein sollte, er sich um die Entfernung oder Deaktivierung des entsprechenden Links bem\u00fcht.<\/span><\/p><p><span style=\"font-weight: 400;\">Es wird davon ausgegangen, dass LUIS PALMER LIBIS \u00fcber die im vorigen Absatz genannte tats\u00e4chliche Kenntnis verf\u00fcgt, wenn eine zust\u00e4ndige Stelle die Rechtswidrigkeit der Daten erkl\u00e4rt hat, ihre Entfernung anordnet oder den Zugang zu ihnen unm\u00f6glich macht oder das Vorhandensein der Verletzung erkl\u00e4rt hat und LUIS PALMER LIBIS den entsprechenden Beschluss kennt, unbeschadet der Verfahren zur Aufdeckung und Entfernung von Inhalten, die LUIS PALMER LIBIS aufgrund freiwilliger Vereinbarungen und anderer Mittel zur tats\u00e4chlichen Kenntnisnahme anwendet, die festgelegt werden k\u00f6nnen.<\/span><\/p><p><b>Haftung f\u00fcr die Nutzung der Website:<\/b><\/p><p><span style=\"font-weight: 400;\">LUIS PALMER LIBIS erkl\u00e4rt, dass sie alle notwendigen Ma\u00dfnahmen ergriffen hat, um Sch\u00e4den zu vermeiden, die den Benutzern ihrer Website durch das Surfen entstehen k\u00f6nnen. Daher haftet LUIS PALMER LIBIS nicht f\u00fcr Sch\u00e4den, die dem Nutzer durch das Surfen im Internet entstehen k\u00f6nnen. Dar\u00fcber hinaus \u00fcbernimmt LUIS PALMER LIBIS keine Garantie f\u00fcr die technische Verf\u00fcgbarkeit, die Genauigkeit, die Richtigkeit, die G\u00fcltigkeit oder die Rechtm\u00e4\u00dfigkeit von externen Websites, die \u00fcber Links zug\u00e4nglich sind.<\/span><\/p><p><b>Modifikationen:<\/b><\/p><p><span style=\"font-weight: 400;\">LUIS PALMER LIBIS beh\u00e4lt sich das Recht vor, jederzeit und ohne Vorank\u00fcndigung \u00c4nderungen und Aktualisierungen an den Informationen auf seiner Website oder an deren Gestaltung und Pr\u00e4sentation vorzunehmen. Ziel ist es, die ver\u00f6ffentlichten Informationen auf dem neuesten Stand zu halten, was \u00c4nderungen, Korrekturen, L\u00f6schungen oder Hinzuf\u00fcgungen von Inhalten beinhalten kann.<\/span><\/p><p><b>Preisangabe:<\/b><\/p><p><span style=\"font-weight: 400;\">Wenn Preise f\u00fcr Produkte oder Dienstleistungen angegeben werden, handelt es sich um die geltenden Preise in Euro, einschlie\u00dflich Mehrwertsteuer. Ist die Mehrwertsteuer nicht enthalten, so wird dies ausdr\u00fccklich angegeben, und dem Nutzer wird der volle Endpreis angezeigt. Alle anderen anwendbaren Steuern werden ebenfalls angegeben.<\/span><\/p><p><b>Geistiges und gewerbliches Eigentum:<\/b><\/p><p><span style=\"font-weight: 400;\">LUIS PALMER LIBIS ist Inhaber der geistigen und gewerblichen Eigentumsrechte an seiner Website und den darin enthaltenen Elementen. Alle Inhalte sind durch die Gesetze zum Schutz des geistigen Eigentums gesch\u00fctzt und es gelten die spanischen, europ\u00e4ischen und internationalen Vorschriften, denen Spanien beigetreten ist. Die Vervielf\u00e4ltigung, Verbreitung oder \u00f6ffentliche Wiedergabe der Inhalte zu kommerziellen Zwecken ist ohne die Genehmigung von LUIS PALMER LIBIS verboten.<\/span><\/p><p><b>Rechtliche Schritte, anwendbares Recht und Gerichtsbarkeit:<\/b><\/p><p><span style=\"font-weight: 400;\">Bei Beschwerden wenden Sie sich bitte an lpalmer@palmerlegal.es. Im Falle eines Missbrauchs der Website oder einer Verletzung der Bedingungen beh\u00e4lt sich LUIS PALMER LIBIS das Recht vor, rechtliche Schritte einzuleiten. Die Beziehung zwischen Nutzer und Anbieter unterliegt spanischem Recht und jeder Streitfall kann einem Schiedsgericht oder der ordentlichen Gerichtsbarkeit vorgelegt werden.<\/span><\/p><p><b>Allgemeine Bedingungen und Konditionen:<\/b><\/p><p><span style=\"font-weight: 400;\">Derzeit verf\u00fcgt LUIS PALMER LIBIS nicht \u00fcber E-Commerce auf seiner Website. Im Falle seiner Einf\u00fchrung wird PROFESSIONAL GROUP CONVERSIA SLU kontaktiert, um die Dokumentation zu aktualisieren.<\/span><\/p><p><b>Werbliche Kommunikation auf elektronischem Wege:<\/b><\/p><p><span style=\"font-weight: 400;\">Derzeit versendet LUIS PALMER LIBIS keine Werbung auf elektronischem Wege. Sollte dies in Zukunft der Fall sein, sollten Sie sich mit PROFESSIONAL GROUP CONVERSIA SLU in Verbindung setzen, um die Dokumentation zu aktualisieren.<\/span><\/p><p><b>Nutzung von Instant-Messaging-Anwendungen:<\/b><\/p><p><span style=\"font-weight: 400;\">LUIS PALMER LIBIS verwendet derzeit keine Instant-Messaging-Anwendungen. Sollten sie in Zukunft verwendet werden, wird PROFESSIONAL GROUP CONVERSIA SLU kontaktiert, um die Dokumentation zu aktualisieren.<\/span><\/p><p><b>Letzte Aktualisierung: <\/b><span style=\"font-weight: 400;\">4. M\u00e4rz 2024<\/span><\/p><\/div><\/div><\/div><\/div><\/div><\/div><\/div><\/div>\n","protected":false},"excerpt":{"rendered":"<p>Rechtlicher HinweisEinf\u00fchrungIn \u00dcbereinstimmung mit dem Gesetz 34\/2002 vom 11. Juli \u00fcber die Dienstleistungen der Informationsgesellschaft und den elektronischen Handel (LSSI-CE) informiert LUIS PALMER LIBIS, dass es der Eigent\u00fcmer der Website ist. In \u00dcbereinstimmung mit den Anforderungen des Artikels 10 des oben genannten Gesetzes informiert LUIS PALMER LIBIS \u00fcber die folgenden Daten:Name des Unternehmens: LUIS PALMER&#8230; <\/p>\n<div class=\"clear\"><\/div>\n<p><a href=\"https:\/\/www.palmerlegal.es\/de\/rechtlicher-hinweis\/\" class=\"excerpt-read-more\">Read More<\/a><\/p>\n","protected":false},"author":1,"featured_media":0,"parent":0,"menu_order":0,"comment_status":"closed","ping_status":"closed","template":"","meta":{"footnotes":""},"_links":{"self":[{"href":"https:\/\/www.palmerlegal.es\/de\/wp-json\/wp\/v2\/pages\/5806"}],"collection":[{"href":"https:\/\/www.palmerlegal.es\/de\/wp-json\/wp\/v2\/pages"}],"about":[{"href":"https:\/\/www.palmerlegal.es\/de\/wp-json\/wp\/v2\/types\/page"}],"author":[{"embeddable":true,"href":"https:\/\/www.palmerlegal.es\/de\/wp-json\/wp\/v2\/users\/1"}],"replies":[{"embeddable":true,"href":"https:\/\/www.palmerlegal.es\/de\/wp-json\/wp\/v2\/comments?post=5806"}],"version-history":[{"count":2,"href":"https:\/\/www.palmerlegal.es\/de\/wp-json\/wp\/v2\/pages\/5806\/revisions"}],"predecessor-version":[{"id":5808,"href":"https:\/\/www.palmerlegal.es\/de\/wp-json\/wp\/v2\/pages\/5806\/revisions\/5808"}],"wp:attachment":[{"href":"https:\/\/www.palmerlegal.es\/de\/wp-json\/wp\/v2\/media?parent=5806"}],"curies":[{"name":"wp","href":"https:\/\/api.w.org\/{rel}","templated":true}]}}